{"id":14,"date":"2013-08-25T08:35:30","date_gmt":"2013-08-25T06:35:30","guid":{"rendered":"http:\/\/www.restaurierung-leipzig.com\/restaurator\/?page_id=14"},"modified":"2019-01-24T00:35:06","modified_gmt":"2019-01-23T22:35:06","slug":"immpessum","status":"publish","type":"page","link":"https:\/\/restaurierung-leipzig.com\/restaurator\/immpessum\/","title":{"rendered":"Impressum"},"content":{"rendered":"<div id=\"body_layer\">\n<div id=\"id6\">\n<p>&nbsp;<\/p>\n<p>Herausgeber:<\/p>\n<p>Postadresse: Torsten Kranich, Krokerstra\u00dfe 09, 04157 Leipzig<br \/>\nTelefon: \u00a0 03415916239<br \/>\nMobil: \u00a0 \u00a0 \u00a001637608756<br \/>\nEmail:\u00a0\u00a0\u00a0\u00a0<a title=\"mailto:restaurierung-leipzig@online.de?subject=\" href=\"mailto:restaurierung-leipzig@online.de?subject=\">restaurierung-leipzig@online.de<\/a><br \/>\nUSt-IdNr.:\u00a0 gem. \u00a7 27a UStG: DE 216096481 Finanzamt Leipzig. Hinweise zum Urheberrecht: Alle Angaben, Beitr\u00e4ge und Fotos auf den Internetseiten von Torsten Kranich\u00a0sind, soweit nicht ausdr\u00fccklich vermerkt, urheberrechtlich gesch\u00fctzt. Reproduktionen, gleich welcher Art, nur mit Genehmigung des Herausgebers.<\/p>\n<p>Haftungshinweis:<\/p>\n<p>In seinem Urteil vom 12. Mai 1998,\u00a0Aktenzeichen 313O85\/98, hat das Landgericht Hamburg entschieden, dass durch die Anbringung eines Links die Inhalte der verlinkten Seite ggf. mit zu verantworten sind. Dies kann &#8211; so das Landgericht &#8211; dadurch verhindert werden, dass sich der Betreiber einer Webseite ausdr\u00fccklich von dem Inhalt der durch sie angebotenen Links distanziert.<\/p>\n<p>&nbsp;<\/p>\n<p>Torsten Kranich als Betreiber dieser Webseite, weist deshalb ausdr\u00fccklich darauf hin, dass er keinerlei Einfluss auf die Gestaltung und den Inhalt derjenigen Internetseiten hat, die durch die in seinen Seiten aufgef\u00fchrten und regelm\u00e4\u00dfig kontrollierten Links aufgerufen werden. Eine Verantwortung f\u00fcr den Inhalt dieser Seiten wird daher grunds\u00e4tzlich ausgeschlossen.<\/p>\n<p>&nbsp;<\/p>\n<p>&nbsp;<\/p>\n<p>&nbsp;<\/p>\n<p>\u00a9 Torsten Kranich 2013<\/p>\n<p>&nbsp;<\/p>\n<\/div>\n<\/div>\n","protected":false},"excerpt":{"rendered":"<p>&nbsp; Herausgeber: Postadresse: Torsten Kranich, Krokerstra\u00dfe 09, 04157 Leipzig Telefon: \u00a0 03415916239 Mobil: \u00a0 \u00a0 \u00a001637608756 Email:\u00a0\u00a0\u00a0\u00a0restaurierung-leipzig@online.de USt-IdNr.:\u00a0 gem. \u00a7 27a UStG: DE 216096481 Finanzamt Leipzig. Hinweise zum Urheberrecht: Alle Angaben, Beitr\u00e4ge und Fotos auf den Internetseiten von Torsten Kranich\u00a0sind, soweit nicht ausdr\u00fccklich vermerkt, urheberrechtlich gesch\u00fctzt. Reproduktionen, gleich welcher Art, nur mit Genehmigung des Herausgebers. [&hellip;]<\/p>\n","protected":false},"author":1,"featured_media":0,"parent":0,"menu_order":0,"comment_status":"closed","ping_status":"closed","template":"full-width-page.php","meta":{"_monsterinsights_skip_tracking":false,"_monsterinsights_sitenote_active":false,"_monsterinsights_sitenote_note":"","_monsterinsights_sitenote_category":0,"ngg_post_thumbnail":0,"footnotes":""},"class_list":["post-14","page","type-page","status-publish","hentry"],"yoast_head":"<!-- This site is optimized with the Yoast SEO plugin v27.5 - https:\/\/yoast.com\/product\/yoast-seo-wordpress\/ -->\n<title>Impressum &#8211; Restaurierung-Leipzig<\/title>\n<meta name=\"robots\" content=\"index, follow, max-snippet:-1, max-image-preview:large, max-video-preview:-1\" \/>\n<link rel=\"canonical\" href=\"https:\/\/restaurierung-leipzig.com\/restaurator\/immpessum\/\" \/>\n<meta property=\"og:locale\" content=\"de_DE\" \/>\n<meta property=\"og:type\" content=\"article\" \/>\n<meta property=\"og:title\" content=\"Impressum &#8211; Restaurierung-Leipzig\" \/>\n<meta property=\"og:description\" content=\"&nbsp; Herausgeber: Postadresse: Torsten Kranich, Krokerstra\u00dfe 09, 04157 Leipzig Telefon: \u00a0 03415916239 Mobil: \u00a0 \u00a0 \u00a001637608756 Email:\u00a0\u00a0\u00a0\u00a0restaurierung-leipzig@online.de USt-IdNr.:\u00a0 gem. \u00a7 27a UStG: DE 216096481 Finanzamt Leipzig. Hinweise zum Urheberrecht: Alle Angaben, Beitr\u00e4ge und Fotos auf den Internetseiten von Torsten Kranich\u00a0sind, soweit nicht ausdr\u00fccklich vermerkt, urheberrechtlich gesch\u00fctzt. Reproduktionen, gleich welcher Art, nur mit Genehmigung des Herausgebers. [&hellip;]\" \/>\n<meta property=\"og:url\" content=\"https:\/\/restaurierung-leipzig.com\/restaurator\/immpessum\/\" \/>\n<meta property=\"og:site_name\" content=\"Restaurierung-Leipzig\" \/>\n<meta property=\"article:publisher\" content=\"https:\/\/www.facebook.com\/Restaurierung-Leipzig-242048805894230\/\" \/>\n<meta property=\"article:modified_time\" content=\"2019-01-23T22:35:06+00:00\" \/>\n<meta name=\"twitter:card\" content=\"summary_large_image\" \/>\n<meta name=\"twitter:label1\" content=\"Gesch\u00e4tzte Lesezeit\" \/>\n\t<meta name=\"twitter:data1\" content=\"1\u00a0Minute\" \/>\n<script type=\"application\/ld+json\" class=\"yoast-schema-graph\">{\"@context\":\"https:\\\/\\\/schema.org\",\"@graph\":[{\"@type\":\"WebPage\",\"@id\":\"https:\\\/\\\/restaurierung-leipzig.com\\\/restaurator\\\/immpessum\\\/\",\"url\":\"https:\\\/\\\/restaurierung-leipzig.com\\\/restaurator\\\/immpessum\\\/\",\"name\":\"Impressum &#8211; Restaurierung-Leipzig\",\"isPartOf\":{\"@id\":\"https:\\\/\\\/restaurierung-leipzig.com\\\/restaurator\\\/#website\"},\"datePublished\":\"2013-08-25T06:35:30+00:00\",\"dateModified\":\"2019-01-23T22:35:06+00:00\",\"breadcrumb\":{\"@id\":\"https:\\\/\\\/restaurierung-leipzig.com\\\/restaurator\\\/immpessum\\\/#breadcrumb\"},\"inLanguage\":\"de\",\"potentialAction\":[{\"@type\":\"ReadAction\",\"target\":[\"https:\\\/\\\/restaurierung-leipzig.com\\\/restaurator\\\/immpessum\\\/\"]}]},{\"@type\":\"BreadcrumbList\",\"@id\":\"https:\\\/\\\/restaurierung-leipzig.com\\\/restaurator\\\/immpessum\\\/#breadcrumb\",\"itemListElement\":[{\"@type\":\"ListItem\",\"position\":1,\"name\":\"Startseite\",\"item\":\"https:\\\/\\\/restaurierung-leipzig.com\\\/restaurator\\\/\"},{\"@type\":\"ListItem\",\"position\":2,\"name\":\"Impressum\"}]},{\"@type\":\"WebSite\",\"@id\":\"https:\\\/\\\/restaurierung-leipzig.com\\\/restaurator\\\/#website\",\"url\":\"https:\\\/\\\/restaurierung-leipzig.com\\\/restaurator\\\/\",\"name\":\"Restaurierung-Leipzig\",\"description\":\"Torsten Kranich \u2013 Atelier f\u00fcr M\u00f6belrestaurierung in Leipzig\",\"publisher\":{\"@id\":\"https:\\\/\\\/restaurierung-leipzig.com\\\/restaurator\\\/#organization\"},\"potentialAction\":[{\"@type\":\"SearchAction\",\"target\":{\"@type\":\"EntryPoint\",\"urlTemplate\":\"https:\\\/\\\/restaurierung-leipzig.com\\\/restaurator\\\/?s={search_term_string}\"},\"query-input\":{\"@type\":\"PropertyValueSpecification\",\"valueRequired\":true,\"valueName\":\"search_term_string\"}}],\"inLanguage\":\"de\"},{\"@type\":\"Organization\",\"@id\":\"https:\\\/\\\/restaurierung-leipzig.com\\\/restaurator\\\/#organization\",\"name\":\"Restaurierung-Leipzig\",\"url\":\"https:\\\/\\\/restaurierung-leipzig.com\\\/restaurator\\\/\",\"logo\":{\"@type\":\"ImageObject\",\"inLanguage\":\"de\",\"@id\":\"https:\\\/\\\/restaurierung-leipzig.com\\\/restaurator\\\/#\\\/schema\\\/logo\\\/image\\\/\",\"url\":\"https:\\\/\\\/restaurierung-leipzig.com\\\/restaurator\\\/wp-content\\\/uploads\\\/2016\\\/05\\\/cropped-titel-3.png\",\"contentUrl\":\"https:\\\/\\\/restaurierung-leipzig.com\\\/restaurator\\\/wp-content\\\/uploads\\\/2016\\\/05\\\/cropped-titel-3.png\",\"width\":1413,\"height\":471,\"caption\":\"Restaurierung-Leipzig\"},\"image\":{\"@id\":\"https:\\\/\\\/restaurierung-leipzig.com\\\/restaurator\\\/#\\\/schema\\\/logo\\\/image\\\/\"},\"sameAs\":[\"https:\\\/\\\/www.facebook.com\\\/Restaurierung-Leipzig-242048805894230\\\/\"]}]}<\/script>\n<!-- \/ Yoast SEO plugin. -->","yoast_head_json":{"title":"Impressum &#8211; Restaurierung-Leipzig","robots":{"index":"index","follow":"follow","max-snippet":"max-snippet:-1","max-image-preview":"max-image-preview:large","max-video-preview":"max-video-preview:-1"},"canonical":"https:\/\/restaurierung-leipzig.com\/restaurator\/immpessum\/","og_locale":"de_DE","og_type":"article","og_title":"Impressum &#8211; Restaurierung-Leipzig","og_description":"&nbsp; Herausgeber: Postadresse: Torsten Kranich, Krokerstra\u00dfe 09, 04157 Leipzig Telefon: \u00a0 03415916239 Mobil: \u00a0 \u00a0 \u00a001637608756 Email:\u00a0\u00a0\u00a0\u00a0restaurierung-leipzig@online.de USt-IdNr.:\u00a0 gem. \u00a7 27a UStG: DE 216096481 Finanzamt Leipzig. Hinweise zum Urheberrecht: Alle Angaben, Beitr\u00e4ge und Fotos auf den Internetseiten von Torsten Kranich\u00a0sind, soweit nicht ausdr\u00fccklich vermerkt, urheberrechtlich gesch\u00fctzt. Reproduktionen, gleich welcher Art, nur mit Genehmigung des Herausgebers. [&hellip;]","og_url":"https:\/\/restaurierung-leipzig.com\/restaurator\/immpessum\/","og_site_name":"Restaurierung-Leipzig","article_publisher":"https:\/\/www.facebook.com\/Restaurierung-Leipzig-242048805894230\/","article_modified_time":"2019-01-23T22:35:06+00:00","twitter_card":"summary_large_image","twitter_misc":{"Gesch\u00e4tzte Lesezeit":"1\u00a0Minute"},"schema":{"@context":"https:\/\/schema.org","@graph":[{"@type":"WebPage","@id":"https:\/\/restaurierung-leipzig.com\/restaurator\/immpessum\/","url":"https:\/\/restaurierung-leipzig.com\/restaurator\/immpessum\/","name":"Impressum &#8211; Restaurierung-Leipzig","isPartOf":{"@id":"https:\/\/restaurierung-leipzig.com\/restaurator\/#website"},"datePublished":"2013-08-25T06:35:30+00:00","dateModified":"2019-01-23T22:35:06+00:00","breadcrumb":{"@id":"https:\/\/restaurierung-leipzig.com\/restaurator\/immpessum\/#breadcrumb"},"inLanguage":"de","potentialAction":[{"@type":"ReadAction","target":["https:\/\/restaurierung-leipzig.com\/restaurator\/immpessum\/"]}]},{"@type":"BreadcrumbList","@id":"https:\/\/restaurierung-leipzig.com\/restaurator\/immpessum\/#breadcrumb","itemListElement":[{"@type":"ListItem","position":1,"name":"Startseite","item":"https:\/\/restaurierung-leipzig.com\/restaurator\/"},{"@type":"ListItem","position":2,"name":"Impressum"}]},{"@type":"WebSite","@id":"https:\/\/restaurierung-leipzig.com\/restaurator\/#website","url":"https:\/\/restaurierung-leipzig.com\/restaurator\/","name":"Restaurierung-Leipzig","description":"Torsten Kranich \u2013 Atelier f\u00fcr M\u00f6belrestaurierung in Leipzig","publisher":{"@id":"https:\/\/restaurierung-leipzig.com\/restaurator\/#organization"},"potentialAction":[{"@type":"SearchAction","target":{"@type":"EntryPoint","urlTemplate":"https:\/\/restaurierung-leipzig.com\/restaurator\/?s={search_term_string}"},"query-input":{"@type":"PropertyValueSpecification","valueRequired":true,"valueName":"search_term_string"}}],"inLanguage":"de"},{"@type":"Organization","@id":"https:\/\/restaurierung-leipzig.com\/restaurator\/#organization","name":"Restaurierung-Leipzig","url":"https:\/\/restaurierung-leipzig.com\/restaurator\/","logo":{"@type":"ImageObject","inLanguage":"de","@id":"https:\/\/restaurierung-leipzig.com\/restaurator\/#\/schema\/logo\/image\/","url":"https:\/\/restaurierung-leipzig.com\/restaurator\/wp-content\/uploads\/2016\/05\/cropped-titel-3.png","contentUrl":"https:\/\/restaurierung-leipzig.com\/restaurator\/wp-content\/uploads\/2016\/05\/cropped-titel-3.png","width":1413,"height":471,"caption":"Restaurierung-Leipzig"},"image":{"@id":"https:\/\/restaurierung-leipzig.com\/restaurator\/#\/schema\/logo\/image\/"},"sameAs":["https:\/\/www.facebook.com\/Restaurierung-Leipzig-242048805894230\/"]}]}},"_links":{"self":[{"href":"https:\/\/restaurierung-leipzig.com\/restaurator\/wp-json\/wp\/v2\/pages\/14","targetHints":{"allow":["GET"]}}],"collection":[{"href":"https:\/\/restaurierung-leipzig.com\/restaurator\/wp-json\/wp\/v2\/pages"}],"about":[{"href":"https:\/\/restaurierung-leipzig.com\/restaurator\/wp-json\/wp\/v2\/types\/page"}],"author":[{"embeddable":true,"href":"https:\/\/restaurierung-leipzig.com\/restaurator\/wp-json\/wp\/v2\/users\/1"}],"replies":[{"embeddable":true,"href":"https:\/\/restaurierung-leipzig.com\/restaurator\/wp-json\/wp\/v2\/comments?post=14"}],"version-history":[{"count":18,"href":"https:\/\/restaurierung-leipzig.com\/restaurator\/wp-json\/wp\/v2\/pages\/14\/revisions"}],"predecessor-version":[{"id":652,"href":"https:\/\/restaurierung-leipzig.com\/restaurator\/wp-json\/wp\/v2\/pages\/14\/revisions\/652"}],"wp:attachment":[{"href":"https:\/\/restaurierung-leipzig.com\/restaurator\/wp-json\/wp\/v2\/media?parent=14"}],"curies":[{"name":"wp","href":"https:\/\/api.w.org\/{rel}","templated":true}]}}