{"id":414,"date":"2013-10-04T00:24:38","date_gmt":"2013-10-03T22:24:38","guid":{"rendered":"http:\/\/www.restaurierung-leipzig.com\/restaurator\/?page_id=414"},"modified":"2019-01-24T00:33:52","modified_gmt":"2019-01-23T22:33:52","slug":"restaurierung","status":"publish","type":"page","link":"https:\/\/restaurierung-leipzig.com\/restaurator\/restaurierung\/","title":{"rendered":"Restaurierung"},"content":{"rendered":"<p><a href=\"http:\/\/de.wikipedia.org\/wiki\/Restaurierung\"><em>Restaurierung<\/em><\/a> hei\u00dft f\u00fcr mich vor allem, die Dinge in ihrer Urspr\u00fcnglichkeit zu erhalten oder diese wieder herzustellen.<br \/>\nAlte <em>M\u00f6bel<\/em> sind mit Leben erf\u00fcllt, sie haben oft eine lange Geschichte.<br \/>\nMitunter haben viele Generationen mit ihnen gelebt.<br \/>\nIn diesem Sinn sollte man sie auch behandeln.<\/p>\n","protected":false},"excerpt":{"rendered":"<p>Restaurierung hei\u00dft f\u00fcr mich vor allem, die Dinge in ihrer Urspr\u00fcnglichkeit zu erhalten oder diese wieder herzustellen. Alte M\u00f6bel sind mit Leben erf\u00fcllt, sie haben oft eine lange Geschichte. Mitunter haben viele Generationen mit ihnen gelebt. In diesem Sinn sollte man sie auch behandeln.<\/p>\n","protected":false},"author":1,"featured_media":0,"parent":0,"menu_order":0,"comment_status":"closed","ping_status":"closed","template":"full-width-page.php","meta":{"_monsterinsights_skip_tracking":false,"_monsterinsights_sitenote_active":false,"_monsterinsights_sitenote_note":"","_monsterinsights_sitenote_category":0,"ngg_post_thumbnail":0,"footnotes":""},"class_list":["post-414","page","type-page","status-publish","hentry"],"yoast_head":"<!-- This site is optimized with the Yoast SEO plugin v27.5 - https:\/\/yoast.com\/product\/yoast-seo-wordpress\/ -->\n<title>Restaurierung &#8211; Restaurierung-Leipzig<\/title>\n<meta name=\"robots\" content=\"index, follow, max-snippet:-1, max-image-preview:large, max-video-preview:-1\" \/>\n<link rel=\"canonical\" href=\"http:\/\/restaurierung-leipzig.com\/restaurator\/restaurierung\/\" \/>\n<meta property=\"og:locale\" content=\"de_DE\" \/>\n<meta property=\"og:type\" content=\"article\" \/>\n<meta property=\"og:title\" content=\"Restaurierung &#8211; Restaurierung-Leipzig\" \/>\n<meta property=\"og:description\" content=\"Restaurierung hei\u00dft f\u00fcr mich vor allem, die Dinge in ihrer Urspr\u00fcnglichkeit zu erhalten oder diese wieder herzustellen. Alte M\u00f6bel sind mit Leben erf\u00fcllt, sie haben oft eine lange Geschichte. Mitunter haben viele Generationen mit ihnen gelebt. In diesem Sinn sollte man sie auch behandeln.\" \/>\n<meta property=\"og:url\" content=\"http:\/\/restaurierung-leipzig.com\/restaurator\/restaurierung\/\" \/>\n<meta property=\"og:site_name\" content=\"Restaurierung-Leipzig\" \/>\n<meta property=\"article:publisher\" content=\"https:\/\/www.facebook.com\/Restaurierung-Leipzig-242048805894230\/\" \/>\n<meta property=\"article:modified_time\" content=\"2019-01-23T22:33:52+00:00\" \/>\n<meta name=\"twitter:card\" content=\"summary_large_image\" \/>\n<script type=\"application\/ld+json\" class=\"yoast-schema-graph\">{\"@context\":\"https:\\\/\\\/schema.org\",\"@graph\":[{\"@type\":\"WebPage\",\"@id\":\"http:\\\/\\\/restaurierung-leipzig.com\\\/restaurator\\\/restaurierung\\\/\",\"url\":\"http:\\\/\\\/restaurierung-leipzig.com\\\/restaurator\\\/restaurierung\\\/\",\"name\":\"Restaurierung &#8211; Restaurierung-Leipzig\",\"isPartOf\":{\"@id\":\"https:\\\/\\\/restaurierung-leipzig.com\\\/restaurator\\\/#website\"},\"datePublished\":\"2013-10-03T22:24:38+00:00\",\"dateModified\":\"2019-01-23T22:33:52+00:00\",\"breadcrumb\":{\"@id\":\"http:\\\/\\\/restaurierung-leipzig.com\\\/restaurator\\\/restaurierung\\\/#breadcrumb\"},\"inLanguage\":\"de\",\"potentialAction\":[{\"@type\":\"ReadAction\",\"target\":[\"http:\\\/\\\/restaurierung-leipzig.com\\\/restaurator\\\/restaurierung\\\/\"]}]},{\"@type\":\"BreadcrumbList\",\"@id\":\"http:\\\/\\\/restaurierung-leipzig.com\\\/restaurator\\\/restaurierung\\\/#breadcrumb\",\"itemListElement\":[{\"@type\":\"ListItem\",\"position\":1,\"name\":\"Startseite\",\"item\":\"https:\\\/\\\/restaurierung-leipzig.com\\\/restaurator\\\/\"},{\"@type\":\"ListItem\",\"position\":2,\"name\":\"Restaurierung\"}]},{\"@type\":\"WebSite\",\"@id\":\"https:\\\/\\\/restaurierung-leipzig.com\\\/restaurator\\\/#website\",\"url\":\"https:\\\/\\\/restaurierung-leipzig.com\\\/restaurator\\\/\",\"name\":\"Restaurierung-Leipzig\",\"description\":\"Torsten Kranich \u2013 Atelier f\u00fcr M\u00f6belrestaurierung in Leipzig\",\"publisher\":{\"@id\":\"https:\\\/\\\/restaurierung-leipzig.com\\\/restaurator\\\/#organization\"},\"potentialAction\":[{\"@type\":\"SearchAction\",\"target\":{\"@type\":\"EntryPoint\",\"urlTemplate\":\"https:\\\/\\\/restaurierung-leipzig.com\\\/restaurator\\\/?s={search_term_string}\"},\"query-input\":{\"@type\":\"PropertyValueSpecification\",\"valueRequired\":true,\"valueName\":\"search_term_string\"}}],\"inLanguage\":\"de\"},{\"@type\":\"Organization\",\"@id\":\"https:\\\/\\\/restaurierung-leipzig.com\\\/restaurator\\\/#organization\",\"name\":\"Restaurierung-Leipzig\",\"url\":\"https:\\\/\\\/restaurierung-leipzig.com\\\/restaurator\\\/\",\"logo\":{\"@type\":\"ImageObject\",\"inLanguage\":\"de\",\"@id\":\"https:\\\/\\\/restaurierung-leipzig.com\\\/restaurator\\\/#\\\/schema\\\/logo\\\/image\\\/\",\"url\":\"https:\\\/\\\/restaurierung-leipzig.com\\\/restaurator\\\/wp-content\\\/uploads\\\/2016\\\/05\\\/cropped-titel-3.png\",\"contentUrl\":\"https:\\\/\\\/restaurierung-leipzig.com\\\/restaurator\\\/wp-content\\\/uploads\\\/2016\\\/05\\\/cropped-titel-3.png\",\"width\":1413,\"height\":471,\"caption\":\"Restaurierung-Leipzig\"},\"image\":{\"@id\":\"https:\\\/\\\/restaurierung-leipzig.com\\\/restaurator\\\/#\\\/schema\\\/logo\\\/image\\\/\"},\"sameAs\":[\"https:\\\/\\\/www.facebook.com\\\/Restaurierung-Leipzig-242048805894230\\\/\"]}]}<\/script>\n<!-- \/ Yoast SEO plugin. -->","yoast_head_json":{"title":"Restaurierung &#8211; Restaurierung-Leipzig","robots":{"index":"index","follow":"follow","max-snippet":"max-snippet:-1","max-image-preview":"max-image-preview:large","max-video-preview":"max-video-preview:-1"},"canonical":"http:\/\/restaurierung-leipzig.com\/restaurator\/restaurierung\/","og_locale":"de_DE","og_type":"article","og_title":"Restaurierung &#8211; Restaurierung-Leipzig","og_description":"Restaurierung hei\u00dft f\u00fcr mich vor allem, die Dinge in ihrer Urspr\u00fcnglichkeit zu erhalten oder diese wieder herzustellen. Alte M\u00f6bel sind mit Leben erf\u00fcllt, sie haben oft eine lange Geschichte. Mitunter haben viele Generationen mit ihnen gelebt. In diesem Sinn sollte man sie auch behandeln.","og_url":"http:\/\/restaurierung-leipzig.com\/restaurator\/restaurierung\/","og_site_name":"Restaurierung-Leipzig","article_publisher":"https:\/\/www.facebook.com\/Restaurierung-Leipzig-242048805894230\/","article_modified_time":"2019-01-23T22:33:52+00:00","twitter_card":"summary_large_image","schema":{"@context":"https:\/\/schema.org","@graph":[{"@type":"WebPage","@id":"http:\/\/restaurierung-leipzig.com\/restaurator\/restaurierung\/","url":"http:\/\/restaurierung-leipzig.com\/restaurator\/restaurierung\/","name":"Restaurierung &#8211; Restaurierung-Leipzig","isPartOf":{"@id":"https:\/\/restaurierung-leipzig.com\/restaurator\/#website"},"datePublished":"2013-10-03T22:24:38+00:00","dateModified":"2019-01-23T22:33:52+00:00","breadcrumb":{"@id":"http:\/\/restaurierung-leipzig.com\/restaurator\/restaurierung\/#breadcrumb"},"inLanguage":"de","potentialAction":[{"@type":"ReadAction","target":["http:\/\/restaurierung-leipzig.com\/restaurator\/restaurierung\/"]}]},{"@type":"BreadcrumbList","@id":"http:\/\/restaurierung-leipzig.com\/restaurator\/restaurierung\/#breadcrumb","itemListElement":[{"@type":"ListItem","position":1,"name":"Startseite","item":"https:\/\/restaurierung-leipzig.com\/restaurator\/"},{"@type":"ListItem","position":2,"name":"Restaurierung"}]},{"@type":"WebSite","@id":"https:\/\/restaurierung-leipzig.com\/restaurator\/#website","url":"https:\/\/restaurierung-leipzig.com\/restaurator\/","name":"Restaurierung-Leipzig","description":"Torsten Kranich \u2013 Atelier f\u00fcr M\u00f6belrestaurierung in Leipzig","publisher":{"@id":"https:\/\/restaurierung-leipzig.com\/restaurator\/#organization"},"potentialAction":[{"@type":"SearchAction","target":{"@type":"EntryPoint","urlTemplate":"https:\/\/restaurierung-leipzig.com\/restaurator\/?s={search_term_string}"},"query-input":{"@type":"PropertyValueSpecification","valueRequired":true,"valueName":"search_term_string"}}],"inLanguage":"de"},{"@type":"Organization","@id":"https:\/\/restaurierung-leipzig.com\/restaurator\/#organization","name":"Restaurierung-Leipzig","url":"https:\/\/restaurierung-leipzig.com\/restaurator\/","logo":{"@type":"ImageObject","inLanguage":"de","@id":"https:\/\/restaurierung-leipzig.com\/restaurator\/#\/schema\/logo\/image\/","url":"https:\/\/restaurierung-leipzig.com\/restaurator\/wp-content\/uploads\/2016\/05\/cropped-titel-3.png","contentUrl":"https:\/\/restaurierung-leipzig.com\/restaurator\/wp-content\/uploads\/2016\/05\/cropped-titel-3.png","width":1413,"height":471,"caption":"Restaurierung-Leipzig"},"image":{"@id":"https:\/\/restaurierung-leipzig.com\/restaurator\/#\/schema\/logo\/image\/"},"sameAs":["https:\/\/www.facebook.com\/Restaurierung-Leipzig-242048805894230\/"]}]}},"_links":{"self":[{"href":"https:\/\/restaurierung-leipzig.com\/restaurator\/wp-json\/wp\/v2\/pages\/414","targetHints":{"allow":["GET"]}}],"collection":[{"href":"https:\/\/restaurierung-leipzig.com\/restaurator\/wp-json\/wp\/v2\/pages"}],"about":[{"href":"https:\/\/restaurierung-leipzig.com\/restaurator\/wp-json\/wp\/v2\/types\/page"}],"author":[{"embeddable":true,"href":"https:\/\/restaurierung-leipzig.com\/restaurator\/wp-json\/wp\/v2\/users\/1"}],"replies":[{"embeddable":true,"href":"https:\/\/restaurierung-leipzig.com\/restaurator\/wp-json\/wp\/v2\/comments?post=414"}],"version-history":[{"count":13,"href":"https:\/\/restaurierung-leipzig.com\/restaurator\/wp-json\/wp\/v2\/pages\/414\/revisions"}],"predecessor-version":[{"id":685,"href":"https:\/\/restaurierung-leipzig.com\/restaurator\/wp-json\/wp\/v2\/pages\/414\/revisions\/685"}],"wp:attachment":[{"href":"https:\/\/restaurierung-leipzig.com\/restaurator\/wp-json\/wp\/v2\/media?parent=414"}],"curies":[{"name":"wp","href":"https:\/\/api.w.org\/{rel}","templated":true}]}}