{"id":527,"date":"2013-10-05T20:07:29","date_gmt":"2013-10-05T18:07:29","guid":{"rendered":"http:\/\/www.restaurierung-leipzig.com\/restaurator\/artefakte-2\/"},"modified":"2019-01-24T00:34:12","modified_gmt":"2019-01-23T22:34:12","slug":"artefakte-2","status":"publish","type":"page","link":"https:\/\/restaurierung-leipzig.com\/restaurator\/artefakte-2\/","title":{"rendered":"Nachbauten"},"content":{"rendered":"<p><span style=\"text-decoration: underline;\">Nachbau f\u00fcr das \u00c4gyptisches Museum Leipzig<\/span><br \/>\n<!-- default-view.php -->\n<div\n\tclass=\"ngg-galleryoverview default-view\n\t ngg-ajax-pagination-none\t\"\n\tid=\"ngg-gallery-44e32a0b3e098161a5b6ff62c97f329a-1\"\n\tdata-nextgen-gallery-id=\"19\"\n\tdata-gallery-id=\"19\"\n\t\tdata-gallery-name=\"Artefakte\"\n\t>\n\n\t\t<!-- Thumbnails -->\n\t\t\t\t<div id=\"ngg-image-0\" class=\"ngg-gallery-thumbnail-box\n\t\t\t\t\t\t\t\t\t\t\t\"\n\t\t\t>\n\t\t\t\t\t\t<div class=\"ngg-gallery-thumbnail\">\n\t\t<a href=\"https:\/\/restaurierung-leipzig.com\/restaurator\/wp-content\/gallery\/wandverkleidungen\/artefakte\/dsc_6618.jpg?t=1564069033\"\n\t\t\ttitle=\"Kosmetikkasten,&#013;\nNachbildung in Platane 2. Jt. v. Chr. f\u00fcr das \u00c4gyptische Museum der Universit\u00e4t Leipzig\"\n\t\t\tdata-src=\"https:\/\/restaurierung-leipzig.com\/restaurator\/wp-content\/gallery\/wandverkleidungen\/artefakte\/dsc_6618.jpg?t=1564069033\"\n\t\t\tdata-thumbnail=\"https:\/\/restaurierung-leipzig.com\/restaurator\/wp-content\/gallery\/wandverkleidungen\/artefakte\/thumbs\/thumbs_dsc_6618.jpg?t=1564069033\"\n\t\t\tdata-image-id=\"160\"\n\t\t\tdata-image-name=\"dsc_6618.jpg\"\n\t\t\tdata-title=\"dsc_6618\"\n\t\t\tdata-description=\"Kosmetikkasten,&#013;\nNachbildung in Platane 2. Jt. v. Chr. f\u00fcr das \u00c4gyptische Museum der Universit\u00e4t Leipzig\"\n\t\t\tdata-image-slug=\"dsc_6618\"\n\t\t\t\t\t\t\t\t\t\t\t\t\t\t\t\t\t\t\t\tclass=\"ngg-fancybox\" rel=\"44e32a0b3e098161a5b6ff62c97f329a\">\n\t\t\t\t\t\t\t\t<img\n\t\t\t\t\ttitle=\"dsc_6618\"\n\t\t\t\t\talt=\"dsc_6618\"\n\t\t\t\t\tsrc=\"https:\/\/restaurierung-leipzig.com\/restaurator\/wp-content\/gallery\/wandverkleidungen\/artefakte\/cache\/dsc_6618.jpg-nggid03160-ngg0dyn-120x90x100-00f0w010c011r110f110r010t010.jpg?t=1564069033\"\n\t\t\t\t\twidth=\"120\"\n\t\t\t\t\theight=\"90\"\n\t\t\t\t\tstyle=\"max-width:100%;\"\n\t\t\t\t\/>\n\t\t\t<\/a>\n\t\t<\/div>\n\t\t\t\t\t\t\t<\/div>\n\t\t\t\n\t\t\t\t<div id=\"ngg-image-1\" class=\"ngg-gallery-thumbnail-box\n\t\t\t\t\t\t\t\t\t\t\t\"\n\t\t\t>\n\t\t\t\t\t\t<div class=\"ngg-gallery-thumbnail\">\n\t\t<a href=\"https:\/\/restaurierung-leipzig.com\/restaurator\/wp-content\/gallery\/wandverkleidungen\/artefakte\/dsc_6621.jpg?t=1553192784\"\n\t\t\ttitle=\"Kosmetikkasten,&#013;\nNachbildung in Platane 2. Jt. v. Chr. f\u00fcr das \u00c4gyptische Museum der Universit\u00e4t Leipzig\"\n\t\t\tdata-src=\"https:\/\/restaurierung-leipzig.com\/restaurator\/wp-content\/gallery\/wandverkleidungen\/artefakte\/dsc_6621.jpg?t=1553192784\"\n\t\t\tdata-thumbnail=\"https:\/\/restaurierung-leipzig.com\/restaurator\/wp-content\/gallery\/wandverkleidungen\/artefakte\/thumbs\/thumbs_dsc_6621.jpg?t=1553192784\"\n\t\t\tdata-image-id=\"163\"\n\t\t\tdata-image-name=\"dsc_6621.jpg\"\n\t\t\tdata-title=\"dsc_6621\"\n\t\t\tdata-description=\"Kosmetikkasten,&#013;\nNachbildung in Platane 2. Jt. v. Chr. f\u00fcr das \u00c4gyptische Museum der Universit\u00e4t Leipzig\"\n\t\t\tdata-image-slug=\"dsc_6621\"\n\t\t\t\t\t\t\t\t\t\t\t\t\t\t\t\t\t\t\t\tclass=\"ngg-fancybox\" rel=\"44e32a0b3e098161a5b6ff62c97f329a\">\n\t\t\t\t\t\t\t\t<img\n\t\t\t\t\ttitle=\"dsc_6621\"\n\t\t\t\t\talt=\"dsc_6621\"\n\t\t\t\t\tsrc=\"https:\/\/restaurierung-leipzig.com\/restaurator\/wp-content\/gallery\/wandverkleidungen\/artefakte\/cache\/dsc_6621.jpg-nggid03163-ngg0dyn-120x90x100-00f0w010c011r110f110r010t010.jpg?t=1553192784\"\n\t\t\t\t\twidth=\"120\"\n\t\t\t\t\theight=\"90\"\n\t\t\t\t\tstyle=\"max-width:100%;\"\n\t\t\t\t\/>\n\t\t\t<\/a>\n\t\t<\/div>\n\t\t\t\t\t\t\t<\/div>\n\t\t\t\n\t\t\t\t<div id=\"ngg-image-2\" class=\"ngg-gallery-thumbnail-box\n\t\t\t\t\t\t\t\t\t\t\t\"\n\t\t\t>\n\t\t\t\t\t\t<div class=\"ngg-gallery-thumbnail\">\n\t\t<a href=\"https:\/\/restaurierung-leipzig.com\/restaurator\/wp-content\/gallery\/wandverkleidungen\/artefakte\/dsc_6600.jpg?t=1553192784\"\n\t\t\ttitle=\"Kosmetikkasten,&#013;\nNachbildung in Platane 2. Jt. v. Chr. f\u00fcr das \u00c4gyptische Museum der Universit\u00e4t Leipzig\"\n\t\t\tdata-src=\"https:\/\/restaurierung-leipzig.com\/restaurator\/wp-content\/gallery\/wandverkleidungen\/artefakte\/dsc_6600.jpg?t=1553192784\"\n\t\t\tdata-thumbnail=\"https:\/\/restaurierung-leipzig.com\/restaurator\/wp-content\/gallery\/wandverkleidungen\/artefakte\/thumbs\/thumbs_dsc_6600.jpg?t=1553192784\"\n\t\t\tdata-image-id=\"162\"\n\t\t\tdata-image-name=\"dsc_6600.jpg\"\n\t\t\tdata-title=\"dsc_6600\"\n\t\t\tdata-description=\"Kosmetikkasten,&#013;\nNachbildung in Platane 2. Jt. v. Chr. f\u00fcr das \u00c4gyptische Museum der Universit\u00e4t Leipzig\"\n\t\t\tdata-image-slug=\"dsc_6600\"\n\t\t\t\t\t\t\t\t\t\t\t\t\t\t\t\t\t\t\t\tclass=\"ngg-fancybox\" rel=\"44e32a0b3e098161a5b6ff62c97f329a\">\n\t\t\t\t\t\t\t\t<img\n\t\t\t\t\ttitle=\"dsc_6600\"\n\t\t\t\t\talt=\"dsc_6600\"\n\t\t\t\t\tsrc=\"https:\/\/restaurierung-leipzig.com\/restaurator\/wp-content\/gallery\/wandverkleidungen\/artefakte\/cache\/dsc_6600.jpg-nggid03162-ngg0dyn-120x90x100-00f0w010c011r110f110r010t010.jpg?t=1553192784\"\n\t\t\t\t\twidth=\"120\"\n\t\t\t\t\theight=\"90\"\n\t\t\t\t\tstyle=\"max-width:100%;\"\n\t\t\t\t\/>\n\t\t\t<\/a>\n\t\t<\/div>\n\t\t\t\t\t\t\t<\/div>\n\t\t\t\n\t\n\t<br style=\"clear: both\" \/>\n\n\t\n\t\t<!-- Pagination -->\n\t\t<div class='ngg-clear'><\/div>\t<\/div>\n<\/p>\n","protected":false},"excerpt":{"rendered":"<p>Nachbau f\u00fcr das \u00c4gyptisches Museum Leipzig<\/p>\n","protected":false},"author":1,"featured_media":0,"parent":0,"menu_order":0,"comment_status":"closed","ping_status":"closed","template":"full-width-page.php","meta":{"_monsterinsights_skip_tracking":false,"_monsterinsights_sitenote_active":false,"_monsterinsights_sitenote_note":"","_monsterinsights_sitenote_category":0,"ngg_post_thumbnail":0,"footnotes":""},"class_list":["post-527","page","type-page","status-publish","hentry"],"yoast_head":"<!-- This site is optimized with the Yoast SEO plugin v27.5 - https:\/\/yoast.com\/product\/yoast-seo-wordpress\/ -->\n<title>Nachbauten &#8211; Restaurierung-Leipzig<\/title>\n<meta name=\"robots\" content=\"index, follow, max-snippet:-1, max-image-preview:large, max-video-preview:-1\" \/>\n<link rel=\"canonical\" href=\"http:\/\/restaurierung-leipzig.com\/restaurator\/artefakte-2\/\" \/>\n<meta property=\"og:locale\" content=\"de_DE\" \/>\n<meta property=\"og:type\" content=\"article\" \/>\n<meta property=\"og:title\" content=\"Nachbauten &#8211; Restaurierung-Leipzig\" \/>\n<meta property=\"og:description\" content=\"Nachbau f\u00fcr das \u00c4gyptisches Museum Leipzig\" \/>\n<meta property=\"og:url\" content=\"http:\/\/restaurierung-leipzig.com\/restaurator\/artefakte-2\/\" \/>\n<meta property=\"og:site_name\" content=\"Restaurierung-Leipzig\" \/>\n<meta property=\"article:publisher\" content=\"https:\/\/www.facebook.com\/Restaurierung-Leipzig-242048805894230\/\" \/>\n<meta property=\"article:modified_time\" content=\"2019-01-23T22:34:12+00:00\" \/>\n<meta property=\"og:image\" content=\"http:\/\/restaurierung-leipzig.com\/restaurator\/nextgen-attach_to_post\/preview\/id--730\" \/>\n<meta name=\"twitter:card\" content=\"summary_large_image\" \/>\n<script type=\"application\/ld+json\" class=\"yoast-schema-graph\">{\"@context\":\"https:\\\/\\\/schema.org\",\"@graph\":[{\"@type\":\"WebPage\",\"@id\":\"http:\\\/\\\/restaurierung-leipzig.com\\\/restaurator\\\/artefakte-2\\\/\",\"url\":\"http:\\\/\\\/restaurierung-leipzig.com\\\/restaurator\\\/artefakte-2\\\/\",\"name\":\"Nachbauten &#8211; Restaurierung-Leipzig\",\"isPartOf\":{\"@id\":\"https:\\\/\\\/restaurierung-leipzig.com\\\/restaurator\\\/#website\"},\"primaryImageOfPage\":{\"@id\":\"http:\\\/\\\/restaurierung-leipzig.com\\\/restaurator\\\/artefakte-2\\\/#primaryimage\"},\"image\":{\"@id\":\"http:\\\/\\\/restaurierung-leipzig.com\\\/restaurator\\\/artefakte-2\\\/#primaryimage\"},\"thumbnailUrl\":\"http:\\\/\\\/restaurierung-leipzig.com\\\/restaurator\\\/nextgen-attach_to_post\\\/preview\\\/id--730\",\"datePublished\":\"2013-10-05T18:07:29+00:00\",\"dateModified\":\"2019-01-23T22:34:12+00:00\",\"breadcrumb\":{\"@id\":\"http:\\\/\\\/restaurierung-leipzig.com\\\/restaurator\\\/artefakte-2\\\/#breadcrumb\"},\"inLanguage\":\"de\",\"potentialAction\":[{\"@type\":\"ReadAction\",\"target\":[\"http:\\\/\\\/restaurierung-leipzig.com\\\/restaurator\\\/artefakte-2\\\/\"]}]},{\"@type\":\"ImageObject\",\"inLanguage\":\"de\",\"@id\":\"http:\\\/\\\/restaurierung-leipzig.com\\\/restaurator\\\/artefakte-2\\\/#primaryimage\",\"url\":\"http:\\\/\\\/restaurierung-leipzig.com\\\/restaurator\\\/nextgen-attach_to_post\\\/preview\\\/id--730\",\"contentUrl\":\"http:\\\/\\\/restaurierung-leipzig.com\\\/restaurator\\\/nextgen-attach_to_post\\\/preview\\\/id--730\"},{\"@type\":\"BreadcrumbList\",\"@id\":\"http:\\\/\\\/restaurierung-leipzig.com\\\/restaurator\\\/artefakte-2\\\/#breadcrumb\",\"itemListElement\":[{\"@type\":\"ListItem\",\"position\":1,\"name\":\"Startseite\",\"item\":\"https:\\\/\\\/restaurierung-leipzig.com\\\/restaurator\\\/\"},{\"@type\":\"ListItem\",\"position\":2,\"name\":\"Nachbauten\"}]},{\"@type\":\"WebSite\",\"@id\":\"https:\\\/\\\/restaurierung-leipzig.com\\\/restaurator\\\/#website\",\"url\":\"https:\\\/\\\/restaurierung-leipzig.com\\\/restaurator\\\/\",\"name\":\"Restaurierung-Leipzig\",\"description\":\"Torsten Kranich \u2013 Atelier f\u00fcr M\u00f6belrestaurierung in Leipzig\",\"publisher\":{\"@id\":\"https:\\\/\\\/restaurierung-leipzig.com\\\/restaurator\\\/#organization\"},\"potentialAction\":[{\"@type\":\"SearchAction\",\"target\":{\"@type\":\"EntryPoint\",\"urlTemplate\":\"https:\\\/\\\/restaurierung-leipzig.com\\\/restaurator\\\/?s={search_term_string}\"},\"query-input\":{\"@type\":\"PropertyValueSpecification\",\"valueRequired\":true,\"valueName\":\"search_term_string\"}}],\"inLanguage\":\"de\"},{\"@type\":\"Organization\",\"@id\":\"https:\\\/\\\/restaurierung-leipzig.com\\\/restaurator\\\/#organization\",\"name\":\"Restaurierung-Leipzig\",\"url\":\"https:\\\/\\\/restaurierung-leipzig.com\\\/restaurator\\\/\",\"logo\":{\"@type\":\"ImageObject\",\"inLanguage\":\"de\",\"@id\":\"https:\\\/\\\/restaurierung-leipzig.com\\\/restaurator\\\/#\\\/schema\\\/logo\\\/image\\\/\",\"url\":\"https:\\\/\\\/restaurierung-leipzig.com\\\/restaurator\\\/wp-content\\\/uploads\\\/2016\\\/05\\\/cropped-titel-3.png\",\"contentUrl\":\"https:\\\/\\\/restaurierung-leipzig.com\\\/restaurator\\\/wp-content\\\/uploads\\\/2016\\\/05\\\/cropped-titel-3.png\",\"width\":1413,\"height\":471,\"caption\":\"Restaurierung-Leipzig\"},\"image\":{\"@id\":\"https:\\\/\\\/restaurierung-leipzig.com\\\/restaurator\\\/#\\\/schema\\\/logo\\\/image\\\/\"},\"sameAs\":[\"https:\\\/\\\/www.facebook.com\\\/Restaurierung-Leipzig-242048805894230\\\/\"]}]}<\/script>\n<!-- \/ Yoast SEO plugin. -->","yoast_head_json":{"title":"Nachbauten &#8211; Restaurierung-Leipzig","robots":{"index":"index","follow":"follow","max-snippet":"max-snippet:-1","max-image-preview":"max-image-preview:large","max-video-preview":"max-video-preview:-1"},"canonical":"http:\/\/restaurierung-leipzig.com\/restaurator\/artefakte-2\/","og_locale":"de_DE","og_type":"article","og_title":"Nachbauten &#8211; Restaurierung-Leipzig","og_description":"Nachbau f\u00fcr das \u00c4gyptisches Museum Leipzig","og_url":"http:\/\/restaurierung-leipzig.com\/restaurator\/artefakte-2\/","og_site_name":"Restaurierung-Leipzig","article_publisher":"https:\/\/www.facebook.com\/Restaurierung-Leipzig-242048805894230\/","article_modified_time":"2019-01-23T22:34:12+00:00","og_image":[{"url":"http:\/\/restaurierung-leipzig.com\/restaurator\/nextgen-attach_to_post\/preview\/id--730","type":"","width":"","height":""}],"twitter_card":"summary_large_image","schema":{"@context":"https:\/\/schema.org","@graph":[{"@type":"WebPage","@id":"http:\/\/restaurierung-leipzig.com\/restaurator\/artefakte-2\/","url":"http:\/\/restaurierung-leipzig.com\/restaurator\/artefakte-2\/","name":"Nachbauten &#8211; Restaurierung-Leipzig","isPartOf":{"@id":"https:\/\/restaurierung-leipzig.com\/restaurator\/#website"},"primaryImageOfPage":{"@id":"http:\/\/restaurierung-leipzig.com\/restaurator\/artefakte-2\/#primaryimage"},"image":{"@id":"http:\/\/restaurierung-leipzig.com\/restaurator\/artefakte-2\/#primaryimage"},"thumbnailUrl":"http:\/\/restaurierung-leipzig.com\/restaurator\/nextgen-attach_to_post\/preview\/id--730","datePublished":"2013-10-05T18:07:29+00:00","dateModified":"2019-01-23T22:34:12+00:00","breadcrumb":{"@id":"http:\/\/restaurierung-leipzig.com\/restaurator\/artefakte-2\/#breadcrumb"},"inLanguage":"de","potentialAction":[{"@type":"ReadAction","target":["http:\/\/restaurierung-leipzig.com\/restaurator\/artefakte-2\/"]}]},{"@type":"ImageObject","inLanguage":"de","@id":"http:\/\/restaurierung-leipzig.com\/restaurator\/artefakte-2\/#primaryimage","url":"http:\/\/restaurierung-leipzig.com\/restaurator\/nextgen-attach_to_post\/preview\/id--730","contentUrl":"http:\/\/restaurierung-leipzig.com\/restaurator\/nextgen-attach_to_post\/preview\/id--730"},{"@type":"BreadcrumbList","@id":"http:\/\/restaurierung-leipzig.com\/restaurator\/artefakte-2\/#breadcrumb","itemListElement":[{"@type":"ListItem","position":1,"name":"Startseite","item":"https:\/\/restaurierung-leipzig.com\/restaurator\/"},{"@type":"ListItem","position":2,"name":"Nachbauten"}]},{"@type":"WebSite","@id":"https:\/\/restaurierung-leipzig.com\/restaurator\/#website","url":"https:\/\/restaurierung-leipzig.com\/restaurator\/","name":"Restaurierung-Leipzig","description":"Torsten Kranich \u2013 Atelier f\u00fcr M\u00f6belrestaurierung in Leipzig","publisher":{"@id":"https:\/\/restaurierung-leipzig.com\/restaurator\/#organization"},"potentialAction":[{"@type":"SearchAction","target":{"@type":"EntryPoint","urlTemplate":"https:\/\/restaurierung-leipzig.com\/restaurator\/?s={search_term_string}"},"query-input":{"@type":"PropertyValueSpecification","valueRequired":true,"valueName":"search_term_string"}}],"inLanguage":"de"},{"@type":"Organization","@id":"https:\/\/restaurierung-leipzig.com\/restaurator\/#organization","name":"Restaurierung-Leipzig","url":"https:\/\/restaurierung-leipzig.com\/restaurator\/","logo":{"@type":"ImageObject","inLanguage":"de","@id":"https:\/\/restaurierung-leipzig.com\/restaurator\/#\/schema\/logo\/image\/","url":"https:\/\/restaurierung-leipzig.com\/restaurator\/wp-content\/uploads\/2016\/05\/cropped-titel-3.png","contentUrl":"https:\/\/restaurierung-leipzig.com\/restaurator\/wp-content\/uploads\/2016\/05\/cropped-titel-3.png","width":1413,"height":471,"caption":"Restaurierung-Leipzig"},"image":{"@id":"https:\/\/restaurierung-leipzig.com\/restaurator\/#\/schema\/logo\/image\/"},"sameAs":["https:\/\/www.facebook.com\/Restaurierung-Leipzig-242048805894230\/"]}]}},"_links":{"self":[{"href":"https:\/\/restaurierung-leipzig.com\/restaurator\/wp-json\/wp\/v2\/pages\/527","targetHints":{"allow":["GET"]}}],"collection":[{"href":"https:\/\/restaurierung-leipzig.com\/restaurator\/wp-json\/wp\/v2\/pages"}],"about":[{"href":"https:\/\/restaurierung-leipzig.com\/restaurator\/wp-json\/wp\/v2\/types\/page"}],"author":[{"embeddable":true,"href":"https:\/\/restaurierung-leipzig.com\/restaurator\/wp-json\/wp\/v2\/users\/1"}],"replies":[{"embeddable":true,"href":"https:\/\/restaurierung-leipzig.com\/restaurator\/wp-json\/wp\/v2\/comments?post=527"}],"version-history":[{"count":10,"href":"https:\/\/restaurierung-leipzig.com\/restaurator\/wp-json\/wp\/v2\/pages\/527\/revisions"}],"predecessor-version":[{"id":731,"href":"https:\/\/restaurierung-leipzig.com\/restaurator\/wp-json\/wp\/v2\/pages\/527\/revisions\/731"}],"wp:attachment":[{"href":"https:\/\/restaurierung-leipzig.com\/restaurator\/wp-json\/wp\/v2\/media?parent=527"}],"curies":[{"name":"wp","href":"https:\/\/api.w.org\/{rel}","templated":true}]}}