{"id":62,"date":"2013-08-25T22:03:58","date_gmt":"2013-08-25T20:03:58","guid":{"rendered":"http:\/\/www.restaurierung-leipzig.com\/restaurator\/?page_id=62"},"modified":"2019-01-26T01:42:19","modified_gmt":"2019-01-25T23:42:19","slug":"beratung","status":"publish","type":"page","link":"https:\/\/restaurierung-leipzig.com\/restaurator\/beratung\/","title":{"rendered":"Beratung"},"content":{"rendered":"<p>Gern berate ich Sie umfassend, beantworte alle Ihre Fragen oder ziehe gegebenenfalls Spezialisten hinzu, um Ihr Anliegen zu Ihrer Zufriedenheit zu kl\u00e4ren.<\/p>\n<p>Ich erstelle einen umfassenden Plan f\u00fcr die Restaurierung Ihrer M\u00f6bel, so dass Kosten und Nutzen im Einklang stehen.<\/p>\n<p>&nbsp;<\/p>\n<p>&nbsp;<\/p>\n<p>&nbsp;<\/p>\n<p>&nbsp;<\/p>\n<p>&nbsp;<\/p>\n","protected":false},"excerpt":{"rendered":"<p>Gern berate ich Sie umfassend, beantworte alle Ihre Fragen oder ziehe gegebenenfalls Spezialisten hinzu, um Ihr Anliegen zu Ihrer Zufriedenheit zu kl\u00e4ren. Ich erstelle einen umfassenden Plan f\u00fcr die Restaurierung Ihrer M\u00f6bel, so dass Kosten und Nutzen im Einklang stehen. &nbsp; &nbsp; &nbsp; &nbsp; &nbsp;<\/p>\n","protected":false},"author":1,"featured_media":0,"parent":0,"menu_order":0,"comment_status":"closed","ping_status":"closed","template":"full-width-page.php","meta":{"_monsterinsights_skip_tracking":false,"_monsterinsights_sitenote_active":false,"_monsterinsights_sitenote_note":"","_monsterinsights_sitenote_category":0,"ngg_post_thumbnail":0,"footnotes":""},"class_list":["post-62","page","type-page","status-publish","hentry"],"yoast_head":"<!-- This site is optimized with the Yoast SEO plugin v27.5 - https:\/\/yoast.com\/product\/yoast-seo-wordpress\/ -->\n<title>Beratung &#8211; Restaurierung-Leipzig<\/title>\n<meta name=\"robots\" content=\"index, follow, max-snippet:-1, max-image-preview:large, max-video-preview:-1\" \/>\n<link rel=\"canonical\" href=\"https:\/\/restaurierung-leipzig.com\/restaurator\/beratung\/\" \/>\n<meta property=\"og:locale\" content=\"de_DE\" \/>\n<meta property=\"og:type\" content=\"article\" \/>\n<meta property=\"og:title\" content=\"Beratung &#8211; Restaurierung-Leipzig\" \/>\n<meta property=\"og:description\" content=\"Gern berate ich Sie umfassend, beantworte alle Ihre Fragen oder ziehe gegebenenfalls Spezialisten hinzu, um Ihr Anliegen zu Ihrer Zufriedenheit zu kl\u00e4ren. Ich erstelle einen umfassenden Plan f\u00fcr die Restaurierung Ihrer M\u00f6bel, so dass Kosten und Nutzen im Einklang stehen. &nbsp; &nbsp; &nbsp; &nbsp; &nbsp;\" \/>\n<meta property=\"og:url\" content=\"https:\/\/restaurierung-leipzig.com\/restaurator\/beratung\/\" \/>\n<meta property=\"og:site_name\" content=\"Restaurierung-Leipzig\" \/>\n<meta property=\"article:publisher\" content=\"https:\/\/www.facebook.com\/Restaurierung-Leipzig-242048805894230\/\" \/>\n<meta property=\"article:modified_time\" content=\"2019-01-25T23:42:19+00:00\" \/>\n<meta name=\"twitter:card\" content=\"summary_large_image\" \/>\n<script type=\"application\/ld+json\" class=\"yoast-schema-graph\">{\"@context\":\"https:\\\/\\\/schema.org\",\"@graph\":[{\"@type\":\"WebPage\",\"@id\":\"https:\\\/\\\/restaurierung-leipzig.com\\\/restaurator\\\/beratung\\\/\",\"url\":\"https:\\\/\\\/restaurierung-leipzig.com\\\/restaurator\\\/beratung\\\/\",\"name\":\"Beratung &#8211; Restaurierung-Leipzig\",\"isPartOf\":{\"@id\":\"https:\\\/\\\/restaurierung-leipzig.com\\\/restaurator\\\/#website\"},\"datePublished\":\"2013-08-25T20:03:58+00:00\",\"dateModified\":\"2019-01-25T23:42:19+00:00\",\"breadcrumb\":{\"@id\":\"https:\\\/\\\/restaurierung-leipzig.com\\\/restaurator\\\/beratung\\\/#breadcrumb\"},\"inLanguage\":\"de\",\"potentialAction\":[{\"@type\":\"ReadAction\",\"target\":[\"https:\\\/\\\/restaurierung-leipzig.com\\\/restaurator\\\/beratung\\\/\"]}]},{\"@type\":\"BreadcrumbList\",\"@id\":\"https:\\\/\\\/restaurierung-leipzig.com\\\/restaurator\\\/beratung\\\/#breadcrumb\",\"itemListElement\":[{\"@type\":\"ListItem\",\"position\":1,\"name\":\"Startseite\",\"item\":\"https:\\\/\\\/restaurierung-leipzig.com\\\/restaurator\\\/\"},{\"@type\":\"ListItem\",\"position\":2,\"name\":\"Beratung\"}]},{\"@type\":\"WebSite\",\"@id\":\"https:\\\/\\\/restaurierung-leipzig.com\\\/restaurator\\\/#website\",\"url\":\"https:\\\/\\\/restaurierung-leipzig.com\\\/restaurator\\\/\",\"name\":\"Restaurierung-Leipzig\",\"description\":\"Torsten Kranich \u2013 Atelier f\u00fcr M\u00f6belrestaurierung in Leipzig\",\"publisher\":{\"@id\":\"https:\\\/\\\/restaurierung-leipzig.com\\\/restaurator\\\/#organization\"},\"potentialAction\":[{\"@type\":\"SearchAction\",\"target\":{\"@type\":\"EntryPoint\",\"urlTemplate\":\"https:\\\/\\\/restaurierung-leipzig.com\\\/restaurator\\\/?s={search_term_string}\"},\"query-input\":{\"@type\":\"PropertyValueSpecification\",\"valueRequired\":true,\"valueName\":\"search_term_string\"}}],\"inLanguage\":\"de\"},{\"@type\":\"Organization\",\"@id\":\"https:\\\/\\\/restaurierung-leipzig.com\\\/restaurator\\\/#organization\",\"name\":\"Restaurierung-Leipzig\",\"url\":\"https:\\\/\\\/restaurierung-leipzig.com\\\/restaurator\\\/\",\"logo\":{\"@type\":\"ImageObject\",\"inLanguage\":\"de\",\"@id\":\"https:\\\/\\\/restaurierung-leipzig.com\\\/restaurator\\\/#\\\/schema\\\/logo\\\/image\\\/\",\"url\":\"https:\\\/\\\/restaurierung-leipzig.com\\\/restaurator\\\/wp-content\\\/uploads\\\/2016\\\/05\\\/cropped-titel-3.png\",\"contentUrl\":\"https:\\\/\\\/restaurierung-leipzig.com\\\/restaurator\\\/wp-content\\\/uploads\\\/2016\\\/05\\\/cropped-titel-3.png\",\"width\":1413,\"height\":471,\"caption\":\"Restaurierung-Leipzig\"},\"image\":{\"@id\":\"https:\\\/\\\/restaurierung-leipzig.com\\\/restaurator\\\/#\\\/schema\\\/logo\\\/image\\\/\"},\"sameAs\":[\"https:\\\/\\\/www.facebook.com\\\/Restaurierung-Leipzig-242048805894230\\\/\"]}]}<\/script>\n<!-- \/ Yoast SEO plugin. -->","yoast_head_json":{"title":"Beratung &#8211; Restaurierung-Leipzig","robots":{"index":"index","follow":"follow","max-snippet":"max-snippet:-1","max-image-preview":"max-image-preview:large","max-video-preview":"max-video-preview:-1"},"canonical":"https:\/\/restaurierung-leipzig.com\/restaurator\/beratung\/","og_locale":"de_DE","og_type":"article","og_title":"Beratung &#8211; Restaurierung-Leipzig","og_description":"Gern berate ich Sie umfassend, beantworte alle Ihre Fragen oder ziehe gegebenenfalls Spezialisten hinzu, um Ihr Anliegen zu Ihrer Zufriedenheit zu kl\u00e4ren. Ich erstelle einen umfassenden Plan f\u00fcr die Restaurierung Ihrer M\u00f6bel, so dass Kosten und Nutzen im Einklang stehen. &nbsp; &nbsp; &nbsp; &nbsp; &nbsp;","og_url":"https:\/\/restaurierung-leipzig.com\/restaurator\/beratung\/","og_site_name":"Restaurierung-Leipzig","article_publisher":"https:\/\/www.facebook.com\/Restaurierung-Leipzig-242048805894230\/","article_modified_time":"2019-01-25T23:42:19+00:00","twitter_card":"summary_large_image","schema":{"@context":"https:\/\/schema.org","@graph":[{"@type":"WebPage","@id":"https:\/\/restaurierung-leipzig.com\/restaurator\/beratung\/","url":"https:\/\/restaurierung-leipzig.com\/restaurator\/beratung\/","name":"Beratung &#8211; Restaurierung-Leipzig","isPartOf":{"@id":"https:\/\/restaurierung-leipzig.com\/restaurator\/#website"},"datePublished":"2013-08-25T20:03:58+00:00","dateModified":"2019-01-25T23:42:19+00:00","breadcrumb":{"@id":"https:\/\/restaurierung-leipzig.com\/restaurator\/beratung\/#breadcrumb"},"inLanguage":"de","potentialAction":[{"@type":"ReadAction","target":["https:\/\/restaurierung-leipzig.com\/restaurator\/beratung\/"]}]},{"@type":"BreadcrumbList","@id":"https:\/\/restaurierung-leipzig.com\/restaurator\/beratung\/#breadcrumb","itemListElement":[{"@type":"ListItem","position":1,"name":"Startseite","item":"https:\/\/restaurierung-leipzig.com\/restaurator\/"},{"@type":"ListItem","position":2,"name":"Beratung"}]},{"@type":"WebSite","@id":"https:\/\/restaurierung-leipzig.com\/restaurator\/#website","url":"https:\/\/restaurierung-leipzig.com\/restaurator\/","name":"Restaurierung-Leipzig","description":"Torsten Kranich \u2013 Atelier f\u00fcr M\u00f6belrestaurierung in Leipzig","publisher":{"@id":"https:\/\/restaurierung-leipzig.com\/restaurator\/#organization"},"potentialAction":[{"@type":"SearchAction","target":{"@type":"EntryPoint","urlTemplate":"https:\/\/restaurierung-leipzig.com\/restaurator\/?s={search_term_string}"},"query-input":{"@type":"PropertyValueSpecification","valueRequired":true,"valueName":"search_term_string"}}],"inLanguage":"de"},{"@type":"Organization","@id":"https:\/\/restaurierung-leipzig.com\/restaurator\/#organization","name":"Restaurierung-Leipzig","url":"https:\/\/restaurierung-leipzig.com\/restaurator\/","logo":{"@type":"ImageObject","inLanguage":"de","@id":"https:\/\/restaurierung-leipzig.com\/restaurator\/#\/schema\/logo\/image\/","url":"https:\/\/restaurierung-leipzig.com\/restaurator\/wp-content\/uploads\/2016\/05\/cropped-titel-3.png","contentUrl":"https:\/\/restaurierung-leipzig.com\/restaurator\/wp-content\/uploads\/2016\/05\/cropped-titel-3.png","width":1413,"height":471,"caption":"Restaurierung-Leipzig"},"image":{"@id":"https:\/\/restaurierung-leipzig.com\/restaurator\/#\/schema\/logo\/image\/"},"sameAs":["https:\/\/www.facebook.com\/Restaurierung-Leipzig-242048805894230\/"]}]}},"_links":{"self":[{"href":"https:\/\/restaurierung-leipzig.com\/restaurator\/wp-json\/wp\/v2\/pages\/62","targetHints":{"allow":["GET"]}}],"collection":[{"href":"https:\/\/restaurierung-leipzig.com\/restaurator\/wp-json\/wp\/v2\/pages"}],"about":[{"href":"https:\/\/restaurierung-leipzig.com\/restaurator\/wp-json\/wp\/v2\/types\/page"}],"author":[{"embeddable":true,"href":"https:\/\/restaurierung-leipzig.com\/restaurator\/wp-json\/wp\/v2\/users\/1"}],"replies":[{"embeddable":true,"href":"https:\/\/restaurierung-leipzig.com\/restaurator\/wp-json\/wp\/v2\/comments?post=62"}],"version-history":[{"count":12,"href":"https:\/\/restaurierung-leipzig.com\/restaurator\/wp-json\/wp\/v2\/pages\/62\/revisions"}],"predecessor-version":[{"id":1081,"href":"https:\/\/restaurierung-leipzig.com\/restaurator\/wp-json\/wp\/v2\/pages\/62\/revisions\/1081"}],"wp:attachment":[{"href":"https:\/\/restaurierung-leipzig.com\/restaurator\/wp-json\/wp\/v2\/media?parent=62"}],"curies":[{"name":"wp","href":"https:\/\/api.w.org\/{rel}","templated":true}]}}